{"id":11,"date":"2016-11-05T19:30:36","date_gmt":"2016-11-05T21:30:36","guid":{"rendered":"https:\/\/rsouzaimoveis.com.br\/web\/?page_id=11"},"modified":"2018-06-18T09:40:03","modified_gmt":"2018-06-18T12:40:03","slug":"proposta","status":"publish","type":"page","link":"https:\/\/rsouzaimoveis.com.br\/?page_id=11","title":{"rendered":"SOLICITAR PROPOSTA"},"content":{"rendered":"<div class=\"mpl-content-wrap\"><style type=\"text\/css\" scoped=\"scoped\">.section-69d77582449e5{ background-image: url(https:\/\/rsouzaimoveis.com.br\/web\/wp-content\/uploads\/2016\/11\/proposta-663x140.jpg);}.section-69d77582449e5{ background-repeat:repeat; }.section-69d77582449e5{ background-position :top left;}.section-69d77582449e5{ border-size :0px;}.section-69d77582449e5{ border-style :none;}.section-69d77582449e5{ padding-top :10px;}.section-69d77582449e5{ padding-bottom :10px;}.section-69d77582449e5{ padding-left :10px;}.section-69d77582449e5{ padding-right :10px;} <\/style><section class=\"section magee-section  section-69d77582449e5\" id=\"\"> <div class=\"section-content\"><div class=\"container-fullwidth\">\n<p>Solicite uma proposta para a Administra\u00e7\u00e3o do seu Condominio ou para Gest\u00e3o Patrimonial do seu Im\u00f3vel.<br \/>\nAcesse abaixo o formul\u00e1rio conforme sua necessidade e preencha os dados.<br \/>\nAp\u00f3s o envio do formul\u00e1rio, nossa equipe entrar\u00e1 em contato o mais breve poss\u00edvel, com a finalidade de formalizar sua solicita\u00e7\u00e3o.<\/p>\n<\/div><\/div> <\/section>\n<div id=\"\" class=\" row\"> <div class=\" col-md-6\" id=\"\" style=\"text-align:left;\"><style  type=\"text\/css\">.feature-box-69d7758244b0e h3 {font-size:16px;}.feature-box-69d7758244b0e h3 {color:#aa71e2;}.feature-box-69d7758244b0e .icon-box{color:#ffffff;}.feature-box-69d7758244b0e .icon-box{background-color:#aa71e2;}.feature-box-69d7758244b0e .icon-box{border-width:0px;}.feature-box-69d7758244b0e .feature-content,.feature-box-69d7758244b0e .feature-content p{color:#333333;}.feature-box-69d7758244b0e .icon-box{font-size:60px;}<\/style><div class=\"magee-feature-box style2  feature-box-69d7758244b0e\" id=\"\" data-os-animation=\"fadeOut\"> <a class=\"feature-box-icon-link\"  href=\"https:\/\/rsouzaimoveis.com.br\/?page_id=142\" target=\"_self\"><div class=\"icon-box  icon-circle\" data-animation=\"tada\"> <i class=\"feature-box-icon fa fa-building-o  \"><\/i><\/div><\/a><a href=\"https:\/\/rsouzaimoveis.com.br\/?page_id=142\" target=\"_self\"><h3>CONDOM\u00cdNIOS<\/h3><\/a><div class=\"feature-content\"><p><\/p><a href=\"https:\/\/rsouzaimoveis.com.br\/?page_id=142\" target=\"_self\" class=\"feature-link\"><\/a><\/div><\/div> <\/div> <div class=\" col-md-6\" id=\"\" style=\"text-align:right;\"><style  type=\"text\/css\">.feature-box-69d7758244b7d h3 {font-size:16px;}.feature-box-69d7758244b7d h3 {color:#3b8228;}.feature-box-69d7758244b7d .icon-box{color:#ffffff;}.feature-box-69d7758244b7d .icon-box{background-color:#3b8228;}.feature-box-69d7758244b7d .icon-box{border-width:0px;}.feature-box-69d7758244b7d .feature-content,.feature-box-69d7758244b7d .feature-content p{color:#333333;}.feature-box-69d7758244b7d .icon-box{font-size:60px;}<\/style><div class=\"magee-feature-box style2  feature-box-69d7758244b7d\" id=\"\" data-os-animation=\"fadeOut\"> <a class=\"feature-box-icon-link\"  href=\"https:\/\/rsouzaimoveis.com.br\/?page_id=144\" target=\"_self\"><div class=\"icon-box  icon-circle\" data-animation=\"tada\"> <i class=\"feature-box-icon fa fa-university  \"><\/i><\/div><\/a><a href=\"https:\/\/rsouzaimoveis.com.br\/?page_id=144\" target=\"_self\"><h3>PATRIM\u00d4NIO<\/h3><\/a><div class=\"feature-content\"><p><\/p><a href=\"https:\/\/rsouzaimoveis.com.br\/?page_id=144\" target=\"_self\" class=\"feature-link\"><\/a><\/div><\/div> <\/div> <\/div>\n<p>&nbsp;<\/p>\n<\/div>","protected":false},"excerpt":{"rendered":"<p>&nbsp;<\/p>\n","protected":false},"author":1,"featured_media":0,"parent":0,"menu_order":0,"comment_status":"closed","ping_status":"closed","template":"","meta":{"footnotes":""},"_links":{"self":[{"href":"https:\/\/rsouzaimoveis.com.br\/index.php?rest_route=\/wp\/v2\/pages\/11"}],"collection":[{"href":"https:\/\/rsouzaimoveis.com.br\/index.php?rest_route=\/wp\/v2\/pages"}],"about":[{"href":"https:\/\/rsouzaimoveis.com.br\/index.php?rest_route=\/wp\/v2\/types\/page"}],"author":[{"embeddable":true,"href":"https:\/\/rsouzaimoveis.com.br\/index.php?rest_route=\/wp\/v2\/users\/1"}],"replies":[{"embeddable":true,"href":"https:\/\/rsouzaimoveis.com.br\/index.php?rest_route=%2Fwp%2Fv2%2Fcomments&post=11"}],"version-history":[{"count":12,"href":"https:\/\/rsouzaimoveis.com.br\/index.php?rest_route=\/wp\/v2\/pages\/11\/revisions"}],"predecessor-version":[{"id":976,"href":"https:\/\/rsouzaimoveis.com.br\/index.php?rest_route=\/wp\/v2\/pages\/11\/revisions\/976"}],"wp:attachment":[{"href":"https:\/\/rsouzaimoveis.com.br\/index.php?rest_route=%2Fwp%2Fv2%2Fmedia&parent=11"}],"curies":[{"name":"wp","href":"https:\/\/api.w.org\/{rel}","templated":true}]}}